{"id":231,"date":"2021-09-19T21:38:43","date_gmt":"2021-09-19T18:38:43","guid":{"rendered":"http:\/\/birkislogo.web14.com.ua\/?page_id=231"},"modified":"2023-08-26T16:29:54","modified_gmt":"2023-08-26T13:29:54","slug":"rezinka","status":"publish","type":"page","link":"https:\/\/birkislogo.com.ua\/tr\/production\/rezinka\/","title":{"rendered":"Logolu lastik bantlar"},"content":{"rendered":"","protected":false},"excerpt":{"rendered":"","protected":false},"author":1,"featured_media":0,"parent":19,"menu_order":2,"comment_status":"closed","ping_status":"closed","template":"tpl_product.php","meta":{"footnotes":""},"class_list":["post-231","page","type-page","status-publish","hentry"],"yoast_head":"<!-- This site is optimized with the Yoast SEO plugin v19.4 - https:\/\/yoast.com\/wordpress\/plugins\/seo\/ -->\n<title>Lasti\u0307kli\u0307 \u015eeri\u0307t, fiyatlar\u0131 yaz\u0131l\u0131 jakarl\u0131 lastik T\u00fcrkiye&#039;de, sat\u0131n yaz\u0131l\u0131 jakarl\u0131 lastik toptan<\/title>\n<meta name=\"description\" content=\"\u3010Lasti\u0307kli\u0307 \u015eeri\u0307t\u3011\u2705 \u00dcreticiden arac\u0131 olmadan. \u27a1 \u015eimdi indirimli fiyatla online sipari\u015f verin, aya\u011f\u0131n\u0131za gelsin!\" \/>\n<meta name=\"robots\" content=\"index, follow, max-snippet:-1, max-image-preview:large, max-video-preview:-1\" \/>\n<link rel=\"canonical\" href=\"https:\/\/birkislogo.com.ua\/tr\/production\/rezinka\/\" \/>\n<meta property=\"og:locale\" content=\"tr_TR\" \/>\n<meta property=\"og:type\" content=\"article\" \/>\n<meta property=\"og:title\" content=\"Lasti\u0307kli\u0307 \u015eeri\u0307t, fiyatlar\u0131 yaz\u0131l\u0131 jakarl\u0131 lastik T\u00fcrkiye&#039;de, sat\u0131n yaz\u0131l\u0131 jakarl\u0131 lastik toptan\" \/>\n<meta property=\"og:description\" content=\"\u3010Lasti\u0307kli\u0307 \u015eeri\u0307t\u3011\u2705 \u00dcreticiden arac\u0131 olmadan. \u27a1 \u015eimdi indirimli fiyatla online sipari\u015f verin, aya\u011f\u0131n\u0131za gelsin!\" \/>\n<meta property=\"og:url\" content=\"https:\/\/birkislogo.com.ua\/tr\/production\/rezinka\/\" \/>\n<meta property=\"og:site_name\" content=\"BirkisLogo\" \/>\n<meta property=\"article:modified_time\" content=\"2023-08-26T13:29:54+00:00\" \/>\n<meta name=\"twitter:card\" content=\"summary_large_image\" \/>\n<script type=\"application\/ld+json\" class=\"yoast-schema-graph\">{\"@context\":\"https:\/\/schema.org\",\"@graph\":[{\"@type\":\"WebSite\",\"@id\":\"https:\/\/birkislogo.com.ua\/tr\/#website\",\"url\":\"https:\/\/birkislogo.com.ua\/tr\/\",\"name\":\"BirkisLogo\",\"description\":\"k\u0131yafetlerinizi satan etiketler\",\"potentialAction\":[{\"@type\":\"SearchAction\",\"target\":{\"@type\":\"EntryPoint\",\"urlTemplate\":\"https:\/\/birkislogo.com.ua\/tr\/?s={search_term_string}\"},\"query-input\":\"required name=search_term_string\"}],\"inLanguage\":\"tr\"},{\"@type\":\"WebPage\",\"@id\":\"https:\/\/birkislogo.com.ua\/tr\/production\/rezinka\/\",\"url\":\"https:\/\/birkislogo.com.ua\/tr\/production\/rezinka\/\",\"name\":\"Lasti\u0307kli\u0307 \u015eeri\u0307t, fiyatlar\u0131 yaz\u0131l\u0131 jakarl\u0131 lastik T\u00fcrkiye'de, sat\u0131n yaz\u0131l\u0131 jakarl\u0131 lastik toptan\",\"isPartOf\":{\"@id\":\"https:\/\/birkislogo.com.ua\/tr\/#website\"},\"datePublished\":\"2021-09-19T18:38:43+00:00\",\"dateModified\":\"2023-08-26T13:29:54+00:00\",\"description\":\"\u3010Lasti\u0307kli\u0307 \u015eeri\u0307t\u3011\u2705 \u00dcreticiden arac\u0131 olmadan. \u27a1 \u015eimdi indirimli fiyatla online sipari\u015f verin, aya\u011f\u0131n\u0131za gelsin!\",\"breadcrumb\":{\"@id\":\"https:\/\/birkislogo.com.ua\/tr\/production\/rezinka\/#breadcrumb\"},\"inLanguage\":\"tr\",\"potentialAction\":[{\"@type\":\"ReadAction\",\"target\":[[\"https:\/\/birkislogo.com.ua\/tr\/production\/rezinka\/\"]]}]},{\"@type\":\"BreadcrumbList\",\"@id\":\"https:\/\/birkislogo.com.ua\/tr\/production\/rezinka\/#breadcrumb\",\"itemListElement\":[{\"@type\":\"ListItem\",\"position\":1,\"name\":\"\u0413\u043b\u0430\u0432\u043d\u0430\u044f \u0441\u0442\u0440\u0430\u043d\u0438\u0446\u0430\",\"item\":\"https:\/\/birkislogo.com.ua\/tr\/\"},{\"@type\":\"ListItem\",\"position\":2,\"name\":\"\u041f\u0440\u043e\u0434\u0443\u043a\u0446\u0438\u044f\",\"item\":\"https:\/\/birkislogo.com.ua\/tr\/production\/\"},{\"@type\":\"ListItem\",\"position\":3,\"name\":\"\u0420\u0435\u0437\u0438\u043d\u043a\u0430 \u0441 \u043b\u043e\u0433\u043e\u0442\u0438\u043f\u043e\u043c\"}]}]}<\/script>\n<!-- \/ Yoast SEO plugin. -->","yoast_head_json":{"title":"Lasti\u0307kli\u0307 \u015eeri\u0307t, fiyatlar\u0131 yaz\u0131l\u0131 jakarl\u0131 lastik T\u00fcrkiye'de, sat\u0131n yaz\u0131l\u0131 jakarl\u0131 lastik toptan","description":"\u3010Lasti\u0307kli\u0307 \u015eeri\u0307t\u3011\u2705 \u00dcreticiden arac\u0131 olmadan. \u27a1 \u015eimdi indirimli fiyatla online sipari\u015f verin, aya\u011f\u0131n\u0131za gelsin!","robots":{"index":"index","follow":"follow","max-snippet":"max-snippet:-1","max-image-preview":"max-image-preview:large","max-video-preview":"max-video-preview:-1"},"canonical":"https:\/\/birkislogo.com.ua\/tr\/production\/rezinka\/","og_locale":"tr_TR","og_type":"article","og_title":"Lasti\u0307kli\u0307 \u015eeri\u0307t, fiyatlar\u0131 yaz\u0131l\u0131 jakarl\u0131 lastik T\u00fcrkiye'de, sat\u0131n yaz\u0131l\u0131 jakarl\u0131 lastik toptan","og_description":"\u3010Lasti\u0307kli\u0307 \u015eeri\u0307t\u3011\u2705 \u00dcreticiden arac\u0131 olmadan. \u27a1 \u015eimdi indirimli fiyatla online sipari\u015f verin, aya\u011f\u0131n\u0131za gelsin!","og_url":"https:\/\/birkislogo.com.ua\/tr\/production\/rezinka\/","og_site_name":"BirkisLogo","article_modified_time":"2023-08-26T13:29:54+00:00","twitter_card":"summary_large_image","schema":{"@context":"https:\/\/schema.org","@graph":[{"@type":"WebSite","@id":"https:\/\/birkislogo.com.ua\/tr\/#website","url":"https:\/\/birkislogo.com.ua\/tr\/","name":"BirkisLogo","description":"k\u0131yafetlerinizi satan etiketler","potentialAction":[{"@type":"SearchAction","target":{"@type":"EntryPoint","urlTemplate":"https:\/\/birkislogo.com.ua\/tr\/?s={search_term_string}"},"query-input":"required name=search_term_string"}],"inLanguage":"tr"},{"@type":"WebPage","@id":"https:\/\/birkislogo.com.ua\/tr\/production\/rezinka\/","url":"https:\/\/birkislogo.com.ua\/tr\/production\/rezinka\/","name":"Lasti\u0307kli\u0307 \u015eeri\u0307t, fiyatlar\u0131 yaz\u0131l\u0131 jakarl\u0131 lastik T\u00fcrkiye'de, sat\u0131n yaz\u0131l\u0131 jakarl\u0131 lastik toptan","isPartOf":{"@id":"https:\/\/birkislogo.com.ua\/tr\/#website"},"datePublished":"2021-09-19T18:38:43+00:00","dateModified":"2023-08-26T13:29:54+00:00","description":"\u3010Lasti\u0307kli\u0307 \u015eeri\u0307t\u3011\u2705 \u00dcreticiden arac\u0131 olmadan. \u27a1 \u015eimdi indirimli fiyatla online sipari\u015f verin, aya\u011f\u0131n\u0131za gelsin!","breadcrumb":{"@id":"https:\/\/birkislogo.com.ua\/tr\/production\/rezinka\/#breadcrumb"},"inLanguage":"tr","potentialAction":[{"@type":"ReadAction","target":[["https:\/\/birkislogo.com.ua\/tr\/production\/rezinka\/"]]}]},{"@type":"BreadcrumbList","@id":"https:\/\/birkislogo.com.ua\/tr\/production\/rezinka\/#breadcrumb","itemListElement":[{"@type":"ListItem","position":1,"name":"\u0413\u043b\u0430\u0432\u043d\u0430\u044f \u0441\u0442\u0440\u0430\u043d\u0438\u0446\u0430","item":"https:\/\/birkislogo.com.ua\/tr\/"},{"@type":"ListItem","position":2,"name":"\u041f\u0440\u043e\u0434\u0443\u043a\u0446\u0438\u044f","item":"https:\/\/birkislogo.com.ua\/tr\/production\/"},{"@type":"ListItem","position":3,"name":"\u0420\u0435\u0437\u0438\u043d\u043a\u0430 \u0441 \u043b\u043e\u0433\u043e\u0442\u0438\u043f\u043e\u043c"}]}]}},"_links":{"self":[{"href":"https:\/\/birkislogo.com.ua\/tr\/wp-json\/wp\/v2\/pages\/231","targetHints":{"allow":["GET"]}}],"collection":[{"href":"https:\/\/birkislogo.com.ua\/tr\/wp-json\/wp\/v2\/pages"}],"about":[{"href":"https:\/\/birkislogo.com.ua\/tr\/wp-json\/wp\/v2\/types\/page"}],"author":[{"embeddable":true,"href":"https:\/\/birkislogo.com.ua\/tr\/wp-json\/wp\/v2\/users\/1"}],"replies":[{"embeddable":true,"href":"https:\/\/birkislogo.com.ua\/tr\/wp-json\/wp\/v2\/comments?post=231"}],"version-history":[{"count":86,"href":"https:\/\/birkislogo.com.ua\/tr\/wp-json\/wp\/v2\/pages\/231\/revisions"}],"predecessor-version":[{"id":1269,"href":"https:\/\/birkislogo.com.ua\/tr\/wp-json\/wp\/v2\/pages\/231\/revisions\/1269"}],"up":[{"embeddable":true,"href":"https:\/\/birkislogo.com.ua\/tr\/wp-json\/wp\/v2\/pages\/19"}],"wp:attachment":[{"href":"https:\/\/birkislogo.com.ua\/tr\/wp-json\/wp\/v2\/media?parent=231"}],"curies":[{"name":"wp","href":"https:\/\/api.w.org\/{rel}","templated":true}]}}