{"id":211,"date":"2021-09-15T23:03:58","date_gmt":"2021-09-15T20:03:58","guid":{"rendered":"http:\/\/birkislogo.web14.com.ua\/?page_id=211"},"modified":"2023-08-26T16:24:12","modified_gmt":"2023-08-26T13:24:12","slug":"rubber","status":"publish","type":"page","link":"https:\/\/birkislogo.com.ua\/tr\/production\/rubber\/","title":{"rendered":"Rubber etiketler"},"content":{"rendered":"","protected":false},"excerpt":{"rendered":"","protected":false},"author":1,"featured_media":0,"parent":19,"menu_order":5,"comment_status":"closed","ping_status":"closed","template":"tpl_product.php","meta":{"footnotes":""},"class_list":["post-211","page","type-page","status-publish","hentry"],"yoast_head":"<!-- This site is optimized with the Yoast SEO plugin v19.4 - https:\/\/yoast.com\/wordpress\/plugins\/seo\/ -->\n<title>Rubber Etiketler, fiyatlar\u0131 PVC etiketler T\u00fcrkiye&#039;de, sat\u0131n kau\u00e7uk etiket toptan<\/title>\n<meta name=\"description\" content=\"\u3010Rubber Etiketler \u3011\u2705 \u00dcreticiden arac\u0131 olmadan. \u27a1 Adet, Ebat ve Di\u011fer Se\u00e7eneklerinizi Belirleyip Etiket Bask\u0131 Sipari\u015finizi Olu\u015fturun.\" \/>\n<meta name=\"robots\" content=\"index, follow, max-snippet:-1, max-image-preview:large, max-video-preview:-1\" \/>\n<link rel=\"canonical\" href=\"https:\/\/birkislogo.com.ua\/tr\/production\/rubber\/\" \/>\n<meta property=\"og:locale\" content=\"tr_TR\" \/>\n<meta property=\"og:type\" content=\"article\" \/>\n<meta property=\"og:title\" content=\"Rubber Etiketler, fiyatlar\u0131 PVC etiketler T\u00fcrkiye&#039;de, sat\u0131n kau\u00e7uk etiket toptan\" \/>\n<meta property=\"og:description\" content=\"\u3010Rubber Etiketler \u3011\u2705 \u00dcreticiden arac\u0131 olmadan. \u27a1 Adet, Ebat ve Di\u011fer Se\u00e7eneklerinizi Belirleyip Etiket Bask\u0131 Sipari\u015finizi Olu\u015fturun.\" \/>\n<meta property=\"og:url\" content=\"https:\/\/birkislogo.com.ua\/tr\/production\/rubber\/\" \/>\n<meta property=\"og:site_name\" content=\"BirkisLogo\" \/>\n<meta property=\"article:modified_time\" content=\"2023-08-26T13:24:12+00:00\" \/>\n<meta name=\"twitter:card\" content=\"summary_large_image\" \/>\n<script type=\"application\/ld+json\" class=\"yoast-schema-graph\">{\"@context\":\"https:\/\/schema.org\",\"@graph\":[{\"@type\":\"WebSite\",\"@id\":\"https:\/\/birkislogo.com.ua\/tr\/#website\",\"url\":\"https:\/\/birkislogo.com.ua\/tr\/\",\"name\":\"BirkisLogo\",\"description\":\"k\u0131yafetlerinizi satan etiketler\",\"potentialAction\":[{\"@type\":\"SearchAction\",\"target\":{\"@type\":\"EntryPoint\",\"urlTemplate\":\"https:\/\/birkislogo.com.ua\/tr\/?s={search_term_string}\"},\"query-input\":\"required name=search_term_string\"}],\"inLanguage\":\"tr\"},{\"@type\":\"WebPage\",\"@id\":\"https:\/\/birkislogo.com.ua\/tr\/production\/rubber\/\",\"url\":\"https:\/\/birkislogo.com.ua\/tr\/production\/rubber\/\",\"name\":\"Rubber Etiketler, fiyatlar\u0131 PVC etiketler T\u00fcrkiye'de, sat\u0131n kau\u00e7uk etiket toptan\",\"isPartOf\":{\"@id\":\"https:\/\/birkislogo.com.ua\/tr\/#website\"},\"datePublished\":\"2021-09-15T20:03:58+00:00\",\"dateModified\":\"2023-08-26T13:24:12+00:00\",\"description\":\"\u3010Rubber Etiketler \u3011\u2705 \u00dcreticiden arac\u0131 olmadan. \u27a1 Adet, Ebat ve Di\u011fer Se\u00e7eneklerinizi Belirleyip Etiket Bask\u0131 Sipari\u015finizi Olu\u015fturun.\",\"breadcrumb\":{\"@id\":\"https:\/\/birkislogo.com.ua\/tr\/production\/rubber\/#breadcrumb\"},\"inLanguage\":\"tr\",\"potentialAction\":[{\"@type\":\"ReadAction\",\"target\":[[\"https:\/\/birkislogo.com.ua\/tr\/production\/rubber\/\"]]}]},{\"@type\":\"BreadcrumbList\",\"@id\":\"https:\/\/birkislogo.com.ua\/tr\/production\/rubber\/#breadcrumb\",\"itemListElement\":[{\"@type\":\"ListItem\",\"position\":1,\"name\":\"\u0413\u043b\u0430\u0432\u043d\u0430\u044f \u0441\u0442\u0440\u0430\u043d\u0438\u0446\u0430\",\"item\":\"https:\/\/birkislogo.com.ua\/tr\/\"},{\"@type\":\"ListItem\",\"position\":2,\"name\":\"\u041f\u0440\u043e\u0434\u0443\u043a\u0446\u0438\u044f\",\"item\":\"https:\/\/birkislogo.com.ua\/tr\/production\/\"},{\"@type\":\"ListItem\",\"position\":3,\"name\":\"\u042d\u0442\u0438\u043a\u0435\u0442\u043a\u0438 \u0448\u0435\u0432\u0440\u043e\u043d\u044b \u0440\u0435\u0437\u0438\u043d\u043e\u0432\u044b\u0435 (\u0441\u0438\u043b\u0438\u043a\u043e\u043d\u043e\u0432\u044b\u0435)\"}]}]}<\/script>\n<!-- \/ Yoast SEO plugin. -->","yoast_head_json":{"title":"Rubber Etiketler, fiyatlar\u0131 PVC etiketler T\u00fcrkiye'de, sat\u0131n kau\u00e7uk etiket toptan","description":"\u3010Rubber Etiketler \u3011\u2705 \u00dcreticiden arac\u0131 olmadan. \u27a1 Adet, Ebat ve Di\u011fer Se\u00e7eneklerinizi Belirleyip Etiket Bask\u0131 Sipari\u015finizi Olu\u015fturun.","robots":{"index":"index","follow":"follow","max-snippet":"max-snippet:-1","max-image-preview":"max-image-preview:large","max-video-preview":"max-video-preview:-1"},"canonical":"https:\/\/birkislogo.com.ua\/tr\/production\/rubber\/","og_locale":"tr_TR","og_type":"article","og_title":"Rubber Etiketler, fiyatlar\u0131 PVC etiketler T\u00fcrkiye'de, sat\u0131n kau\u00e7uk etiket toptan","og_description":"\u3010Rubber Etiketler \u3011\u2705 \u00dcreticiden arac\u0131 olmadan. \u27a1 Adet, Ebat ve Di\u011fer Se\u00e7eneklerinizi Belirleyip Etiket Bask\u0131 Sipari\u015finizi Olu\u015fturun.","og_url":"https:\/\/birkislogo.com.ua\/tr\/production\/rubber\/","og_site_name":"BirkisLogo","article_modified_time":"2023-08-26T13:24:12+00:00","twitter_card":"summary_large_image","schema":{"@context":"https:\/\/schema.org","@graph":[{"@type":"WebSite","@id":"https:\/\/birkislogo.com.ua\/tr\/#website","url":"https:\/\/birkislogo.com.ua\/tr\/","name":"BirkisLogo","description":"k\u0131yafetlerinizi satan etiketler","potentialAction":[{"@type":"SearchAction","target":{"@type":"EntryPoint","urlTemplate":"https:\/\/birkislogo.com.ua\/tr\/?s={search_term_string}"},"query-input":"required name=search_term_string"}],"inLanguage":"tr"},{"@type":"WebPage","@id":"https:\/\/birkislogo.com.ua\/tr\/production\/rubber\/","url":"https:\/\/birkislogo.com.ua\/tr\/production\/rubber\/","name":"Rubber Etiketler, fiyatlar\u0131 PVC etiketler T\u00fcrkiye'de, sat\u0131n kau\u00e7uk etiket toptan","isPartOf":{"@id":"https:\/\/birkislogo.com.ua\/tr\/#website"},"datePublished":"2021-09-15T20:03:58+00:00","dateModified":"2023-08-26T13:24:12+00:00","description":"\u3010Rubber Etiketler \u3011\u2705 \u00dcreticiden arac\u0131 olmadan. \u27a1 Adet, Ebat ve Di\u011fer Se\u00e7eneklerinizi Belirleyip Etiket Bask\u0131 Sipari\u015finizi Olu\u015fturun.","breadcrumb":{"@id":"https:\/\/birkislogo.com.ua\/tr\/production\/rubber\/#breadcrumb"},"inLanguage":"tr","potentialAction":[{"@type":"ReadAction","target":[["https:\/\/birkislogo.com.ua\/tr\/production\/rubber\/"]]}]},{"@type":"BreadcrumbList","@id":"https:\/\/birkislogo.com.ua\/tr\/production\/rubber\/#breadcrumb","itemListElement":[{"@type":"ListItem","position":1,"name":"\u0413\u043b\u0430\u0432\u043d\u0430\u044f \u0441\u0442\u0440\u0430\u043d\u0438\u0446\u0430","item":"https:\/\/birkislogo.com.ua\/tr\/"},{"@type":"ListItem","position":2,"name":"\u041f\u0440\u043e\u0434\u0443\u043a\u0446\u0438\u044f","item":"https:\/\/birkislogo.com.ua\/tr\/production\/"},{"@type":"ListItem","position":3,"name":"\u042d\u0442\u0438\u043a\u0435\u0442\u043a\u0438 \u0448\u0435\u0432\u0440\u043e\u043d\u044b \u0440\u0435\u0437\u0438\u043d\u043e\u0432\u044b\u0435 (\u0441\u0438\u043b\u0438\u043a\u043e\u043d\u043e\u0432\u044b\u0435)"}]}]}},"_links":{"self":[{"href":"https:\/\/birkislogo.com.ua\/tr\/wp-json\/wp\/v2\/pages\/211","targetHints":{"allow":["GET"]}}],"collection":[{"href":"https:\/\/birkislogo.com.ua\/tr\/wp-json\/wp\/v2\/pages"}],"about":[{"href":"https:\/\/birkislogo.com.ua\/tr\/wp-json\/wp\/v2\/types\/page"}],"author":[{"embeddable":true,"href":"https:\/\/birkislogo.com.ua\/tr\/wp-json\/wp\/v2\/users\/1"}],"replies":[{"embeddable":true,"href":"https:\/\/birkislogo.com.ua\/tr\/wp-json\/wp\/v2\/comments?post=211"}],"version-history":[{"count":47,"href":"https:\/\/birkislogo.com.ua\/tr\/wp-json\/wp\/v2\/pages\/211\/revisions"}],"predecessor-version":[{"id":1264,"href":"https:\/\/birkislogo.com.ua\/tr\/wp-json\/wp\/v2\/pages\/211\/revisions\/1264"}],"up":[{"embeddable":true,"href":"https:\/\/birkislogo.com.ua\/tr\/wp-json\/wp\/v2\/pages\/19"}],"wp:attachment":[{"href":"https:\/\/birkislogo.com.ua\/tr\/wp-json\/wp\/v2\/media?parent=211"}],"curies":[{"name":"wp","href":"https:\/\/api.w.org\/{rel}","templated":true}]}}