{"id":17,"date":"2021-08-09T12:39:43","date_gmt":"2021-08-09T09:39:43","guid":{"rendered":"http:\/\/birkislogo.com.ua\/?page_id=17"},"modified":"2023-08-29T11:15:02","modified_gmt":"2023-08-29T08:15:02","slug":"about","status":"publish","type":"page","link":"https:\/\/birkislogo.com.ua\/tr\/about\/","title":{"rendered":"I\u015fbirli\u011fi \u015fartlar\u0131"},"content":{"rendered":"<p>Firmam\u0131z 2003 y\u0131l\u0131nda kurulmu\u015ftur. Giyim markala\u015fmas\u0131 i\u00e7in her t\u00fcrl\u00fc etiket ve \u015ferit \u00fcretiyoruz. Etiketlerimiz k\u0131yafetlerinizi sat\u0131yor. Giysi etiketlerini otomatik olarak hesaplamak i\u00e7in benzersiz bir program geli\u015ftirdik:<\/p>\r\n<ol>\r\n<li>Hesaplama b\u00f6l\u00fcm\u00fcne gidin;<\/li>\r\n<li>Giyim etiketleri, logolu kurdeleler yapmak istedi\u011finiz malzemeyi se\u00e7in;<\/li>\r\n<li>Bir malzeme alt t\u00fcr\u00fc se\u00e7in;<\/li>\r\n<li>Boyutu, dolguyu ve kesme se\u00e7ene\u011fini belirleyin;<\/li>\r\n<li>Sipari\u015f miktar\u0131n\u0131 se\u00e7in;<\/li>\r\n<li>Bir arka plan rengi ve logo rengi ile birlikte sunuluyorsa ek se\u00e7enekler se\u00e7in;<\/li>\r\n<li>Sipari\u015finiz i\u00e7in fiyat teklifi al\u0131n.<\/li>\r\n<\/ol>\r\n<p>Herhangi bir sorunuz varsa, l\u00fctfen +380679564706 numaral\u0131 telefondan y\u00f6neticimizle ileti\u015fime ge\u00e7in. Veya birkislogo@gmail.com adresine vekt\u00f6r format\u0131nda d\u00fczeninizi ve boyutlar\u0131n\u0131z\u0131 i\u00e7eren bir e-posta g\u00f6nderin. K\u0131sa s\u00fcre i\u00e7inde sizinle ileti\u015fime ge\u00e7ip tavsiyede bulunaca\u011f\u0131z.<\/p>\r\n<p>Web sitemizde <a href=\"https:\/\/birkislogo.com.ua\/tr\/production\/textile\/\">jakarl\u0131 etiketler online<\/a> ve <a href=\"https:\/\/birkislogo.com.ua\/tr\/\">etiket yap\u0131m\u0131<\/a>.<\/p>\r\n<p>Nas\u0131l \u00e7al\u0131\u015f\u0131yoruz:<\/p>\r\n<ol>\r\n<li>Boyut ve dola\u015f\u0131ma dayal\u0131 sipari\u015f hesaplamas\u0131;<\/li>\r\n<li>M\u00fc\u015fterinin vekt\u00f6r format\u0131ndaki yerle\u015fiminin onaylanmas\u0131 veya bir \u00fccret kar\u015f\u0131l\u0131\u011f\u0131nda profesyonel tasar\u0131mc\u0131m\u0131z taraf\u0131ndan \u00e7izilen bir yerle\u015fim d\u00fczeninin sa\u011flanmas\u0131 (10-15 ABD dolar\u0131);<\/li>\r\n<li>Sa\u011flanan katalogdan renkleri se\u00e7in;<\/li>\r\n<li>Se\u00e7ilen malzemenin t\u00fcr\u00fcne ba\u011fl\u0131 olarak bir sipari\u015f teslim s\u00fcresi (ortalama 10-14 g\u00fcn) \u00fczerinde anla\u015fmak;<\/li>\r\n<li>Sipari\u015f de\u011ferinin %50&#8217;sinin bir fop kart\u0131na veya cari hesaba \u00f6n \u00f6demesi;<\/li>\r\n<li>Sipari\u015f verildikten sonra, sipari\u015fin kalan de\u011ferinin \u00f6denmesi.<\/li>\r\n<\/ol>","protected":false},"excerpt":{"rendered":"<p>Firmam\u0131z 2003 y\u0131l\u0131nda kurulmu\u015ftur. Giyim markala\u015fmas\u0131 i\u00e7in her t\u00fcrl\u00fc etiket ve \u015ferit \u00fcretiyoruz. Etiketlerimiz k\u0131yafetlerinizi sat\u0131yor. Giysi etiketlerini otomatik olarak hesaplamak i\u00e7in benzersiz bir program geli\u015ftirdik: Hesaplama b\u00f6l\u00fcm\u00fcne gidin; Giyim etiketleri, logolu kurdeleler yapmak istedi\u011finiz malzemeyi se\u00e7in; Bir malzeme alt t\u00fcr\u00fc se\u00e7in; Boyutu, dolguyu ve kesme se\u00e7ene\u011fini belirleyin; Sipari\u015f miktar\u0131n\u0131 se\u00e7in; Bir arka plan rengi [&hellip;]<\/p>\n","protected":false},"author":1,"featured_media":0,"parent":0,"menu_order":0,"comment_status":"closed","ping_status":"closed","template":"","meta":{"footnotes":""},"class_list":["post-17","page","type-page","status-publish","hentry"],"yoast_head":"<!-- This site is optimized with the Yoast SEO plugin v19.4 - https:\/\/yoast.com\/wordpress\/plugins\/seo\/ -->\n<title>I\u015fbirli\u011fi \u015fartlar\u0131 - BirkisLogo<\/title>\n<meta name=\"robots\" content=\"index, follow, max-snippet:-1, max-image-preview:large, max-video-preview:-1\" \/>\n<link rel=\"canonical\" href=\"https:\/\/birkislogo.com.ua\/tr\/about\/\" \/>\n<meta property=\"og:locale\" content=\"tr_TR\" \/>\n<meta property=\"og:type\" content=\"article\" \/>\n<meta property=\"og:title\" content=\"I\u015fbirli\u011fi \u015fartlar\u0131 - BirkisLogo\" \/>\n<meta property=\"og:description\" content=\"Firmam\u0131z 2003 y\u0131l\u0131nda kurulmu\u015ftur. Giyim markala\u015fmas\u0131 i\u00e7in her t\u00fcrl\u00fc etiket ve \u015ferit \u00fcretiyoruz. Etiketlerimiz k\u0131yafetlerinizi sat\u0131yor. Giysi etiketlerini otomatik olarak hesaplamak i\u00e7in benzersiz bir program geli\u015ftirdik: Hesaplama b\u00f6l\u00fcm\u00fcne gidin; Giyim etiketleri, logolu kurdeleler yapmak istedi\u011finiz malzemeyi se\u00e7in; Bir malzeme alt t\u00fcr\u00fc se\u00e7in; Boyutu, dolguyu ve kesme se\u00e7ene\u011fini belirleyin; Sipari\u015f miktar\u0131n\u0131 se\u00e7in; Bir arka plan rengi [&hellip;]\" \/>\n<meta property=\"og:url\" content=\"https:\/\/birkislogo.com.ua\/tr\/about\/\" \/>\n<meta property=\"og:site_name\" content=\"BirkisLogo\" \/>\n<meta property=\"article:modified_time\" content=\"2023-08-29T08:15:02+00:00\" \/>\n<meta name=\"twitter:card\" content=\"summary_large_image\" \/>\n<meta name=\"twitter:label1\" content=\"Tahmini okuma s\u00fcresi\" \/>\n\t<meta name=\"twitter:data1\" content=\"1 dakika\" \/>\n<script type=\"application\/ld+json\" class=\"yoast-schema-graph\">{\"@context\":\"https:\/\/schema.org\",\"@graph\":[{\"@type\":\"WebSite\",\"@id\":\"https:\/\/birkislogo.com.ua\/tr\/#website\",\"url\":\"https:\/\/birkislogo.com.ua\/tr\/\",\"name\":\"BirkisLogo\",\"description\":\"k\u0131yafetlerinizi satan etiketler\",\"potentialAction\":[{\"@type\":\"SearchAction\",\"target\":{\"@type\":\"EntryPoint\",\"urlTemplate\":\"https:\/\/birkislogo.com.ua\/tr\/?s={search_term_string}\"},\"query-input\":\"required name=search_term_string\"}],\"inLanguage\":\"tr\"},{\"@type\":\"WebPage\",\"@id\":\"https:\/\/birkislogo.com.ua\/tr\/about\/\",\"url\":\"https:\/\/birkislogo.com.ua\/tr\/about\/\",\"name\":\"I\u015fbirli\u011fi \u015fartlar\u0131 - BirkisLogo\",\"isPartOf\":{\"@id\":\"https:\/\/birkislogo.com.ua\/tr\/#website\"},\"datePublished\":\"2021-08-09T09:39:43+00:00\",\"dateModified\":\"2023-08-29T08:15:02+00:00\",\"breadcrumb\":{\"@id\":\"https:\/\/birkislogo.com.ua\/tr\/about\/#breadcrumb\"},\"inLanguage\":\"tr\",\"potentialAction\":[{\"@type\":\"ReadAction\",\"target\":[[\"https:\/\/birkislogo.com.ua\/tr\/about\/\"]]}]},{\"@type\":\"BreadcrumbList\",\"@id\":\"https:\/\/birkislogo.com.ua\/tr\/about\/#breadcrumb\",\"itemListElement\":[{\"@type\":\"ListItem\",\"position\":1,\"name\":\"\u0413\u043b\u0430\u0432\u043d\u0430\u044f \u0441\u0442\u0440\u0430\u043d\u0438\u0446\u0430\",\"item\":\"https:\/\/birkislogo.com.ua\/tr\/\"},{\"@type\":\"ListItem\",\"position\":2,\"name\":\"\u0423\u0441\u043b\u043e\u0432\u0438\u044f \u0441\u043e\u0442\u0440\u0443\u0434\u043d\u0438\u0447\u0435\u0441\u0442\u0432\u0430\"}]}]}<\/script>\n<!-- \/ Yoast SEO plugin. -->","yoast_head_json":{"title":"I\u015fbirli\u011fi \u015fartlar\u0131 - BirkisLogo","robots":{"index":"index","follow":"follow","max-snippet":"max-snippet:-1","max-image-preview":"max-image-preview:large","max-video-preview":"max-video-preview:-1"},"canonical":"https:\/\/birkislogo.com.ua\/tr\/about\/","og_locale":"tr_TR","og_type":"article","og_title":"I\u015fbirli\u011fi \u015fartlar\u0131 - BirkisLogo","og_description":"Firmam\u0131z 2003 y\u0131l\u0131nda kurulmu\u015ftur. Giyim markala\u015fmas\u0131 i\u00e7in her t\u00fcrl\u00fc etiket ve \u015ferit \u00fcretiyoruz. Etiketlerimiz k\u0131yafetlerinizi sat\u0131yor. Giysi etiketlerini otomatik olarak hesaplamak i\u00e7in benzersiz bir program geli\u015ftirdik: Hesaplama b\u00f6l\u00fcm\u00fcne gidin; Giyim etiketleri, logolu kurdeleler yapmak istedi\u011finiz malzemeyi se\u00e7in; Bir malzeme alt t\u00fcr\u00fc se\u00e7in; Boyutu, dolguyu ve kesme se\u00e7ene\u011fini belirleyin; Sipari\u015f miktar\u0131n\u0131 se\u00e7in; Bir arka plan rengi [&hellip;]","og_url":"https:\/\/birkislogo.com.ua\/tr\/about\/","og_site_name":"BirkisLogo","article_modified_time":"2023-08-29T08:15:02+00:00","twitter_card":"summary_large_image","twitter_misc":{"Tahmini okuma s\u00fcresi":"1 dakika"},"schema":{"@context":"https:\/\/schema.org","@graph":[{"@type":"WebSite","@id":"https:\/\/birkislogo.com.ua\/tr\/#website","url":"https:\/\/birkislogo.com.ua\/tr\/","name":"BirkisLogo","description":"k\u0131yafetlerinizi satan etiketler","potentialAction":[{"@type":"SearchAction","target":{"@type":"EntryPoint","urlTemplate":"https:\/\/birkislogo.com.ua\/tr\/?s={search_term_string}"},"query-input":"required name=search_term_string"}],"inLanguage":"tr"},{"@type":"WebPage","@id":"https:\/\/birkislogo.com.ua\/tr\/about\/","url":"https:\/\/birkislogo.com.ua\/tr\/about\/","name":"I\u015fbirli\u011fi \u015fartlar\u0131 - BirkisLogo","isPartOf":{"@id":"https:\/\/birkislogo.com.ua\/tr\/#website"},"datePublished":"2021-08-09T09:39:43+00:00","dateModified":"2023-08-29T08:15:02+00:00","breadcrumb":{"@id":"https:\/\/birkislogo.com.ua\/tr\/about\/#breadcrumb"},"inLanguage":"tr","potentialAction":[{"@type":"ReadAction","target":[["https:\/\/birkislogo.com.ua\/tr\/about\/"]]}]},{"@type":"BreadcrumbList","@id":"https:\/\/birkislogo.com.ua\/tr\/about\/#breadcrumb","itemListElement":[{"@type":"ListItem","position":1,"name":"\u0413\u043b\u0430\u0432\u043d\u0430\u044f \u0441\u0442\u0440\u0430\u043d\u0438\u0446\u0430","item":"https:\/\/birkislogo.com.ua\/tr\/"},{"@type":"ListItem","position":2,"name":"\u0423\u0441\u043b\u043e\u0432\u0438\u044f \u0441\u043e\u0442\u0440\u0443\u0434\u043d\u0438\u0447\u0435\u0441\u0442\u0432\u0430"}]}]}},"_links":{"self":[{"href":"https:\/\/birkislogo.com.ua\/tr\/wp-json\/wp\/v2\/pages\/17","targetHints":{"allow":["GET"]}}],"collection":[{"href":"https:\/\/birkislogo.com.ua\/tr\/wp-json\/wp\/v2\/pages"}],"about":[{"href":"https:\/\/birkislogo.com.ua\/tr\/wp-json\/wp\/v2\/types\/page"}],"author":[{"embeddable":true,"href":"https:\/\/birkislogo.com.ua\/tr\/wp-json\/wp\/v2\/users\/1"}],"replies":[{"embeddable":true,"href":"https:\/\/birkislogo.com.ua\/tr\/wp-json\/wp\/v2\/comments?post=17"}],"version-history":[{"count":25,"href":"https:\/\/birkislogo.com.ua\/tr\/wp-json\/wp\/v2\/pages\/17\/revisions"}],"predecessor-version":[{"id":1275,"href":"https:\/\/birkislogo.com.ua\/tr\/wp-json\/wp\/v2\/pages\/17\/revisions\/1275"}],"wp:attachment":[{"href":"https:\/\/birkislogo.com.ua\/tr\/wp-json\/wp\/v2\/media?parent=17"}],"curies":[{"name":"wp","href":"https:\/\/api.w.org\/{rel}","templated":true}]}}