{"id":471,"date":"2021-10-12T16:07:32","date_gmt":"2021-10-12T13:07:32","guid":{"rendered":"http:\/\/birkislogo.web14.com.ua\/?page_id=471"},"modified":"2023-08-26T16:23:02","modified_gmt":"2023-08-26T13:23:02","slug":"plomba","status":"publish","type":"page","link":"https:\/\/birkislogo.com.ua\/es\/production\/plomba\/","title":{"rendered":"Sellos de pl\u00e1stico con logo"},"content":{"rendered":"","protected":false},"excerpt":{"rendered":"","protected":false},"author":1,"featured_media":0,"parent":19,"menu_order":10,"comment_status":"closed","ping_status":"closed","template":"tpl_product.php","meta":{"footnotes":""},"class_list":["post-471","page","type-page","status-publish","hentry"],"yoast_head":"<!-- This site is optimized with the Yoast SEO plugin v19.4 - https:\/\/yoast.com\/wordpress\/plugins\/seo\/ -->\n<title>Sellos de Pl\u00e1stico Personalizados | Env\u00edo R\u00e1pido y Calidad Garantizada<\/title>\n<meta name=\"description\" content=\"Descubre sellos de pl\u00e1stico personalizados de alta calidad para etiquetar ropa. Env\u00edo r\u00e1pido y opciones de personalizaci\u00f3n disponibles. Marca tus prendas con estilo y durabilidad.\" \/>\n<meta name=\"robots\" content=\"index, follow, max-snippet:-1, max-image-preview:large, max-video-preview:-1\" \/>\n<link rel=\"canonical\" href=\"https:\/\/birkislogo.com.ua\/es\/production\/plomba\/\" \/>\n<meta property=\"og:locale\" content=\"es_ES\" \/>\n<meta property=\"og:type\" content=\"article\" \/>\n<meta property=\"og:title\" content=\"Sellos de Pl\u00e1stico Personalizados | Env\u00edo R\u00e1pido y Calidad Garantizada\" \/>\n<meta property=\"og:description\" content=\"Descubre sellos de pl\u00e1stico personalizados de alta calidad para etiquetar ropa. Env\u00edo r\u00e1pido y opciones de personalizaci\u00f3n disponibles. Marca tus prendas con estilo y durabilidad.\" \/>\n<meta property=\"og:url\" content=\"https:\/\/birkislogo.com.ua\/es\/production\/plomba\/\" \/>\n<meta property=\"og:site_name\" content=\"BirkisLogo\" \/>\n<meta property=\"article:modified_time\" content=\"2023-08-26T13:23:02+00:00\" \/>\n<meta name=\"twitter:card\" content=\"summary_large_image\" \/>\n<script type=\"application\/ld+json\" class=\"yoast-schema-graph\">{\"@context\":\"https:\/\/schema.org\",\"@graph\":[{\"@type\":\"WebSite\",\"@id\":\"https:\/\/birkislogo.com.ua\/es\/#website\",\"url\":\"https:\/\/birkislogo.com.ua\/es\/\",\"name\":\"BirkisLogo\",\"description\":\"etiquetas  que  venden  su  ropa\",\"potentialAction\":[{\"@type\":\"SearchAction\",\"target\":{\"@type\":\"EntryPoint\",\"urlTemplate\":\"https:\/\/birkislogo.com.ua\/es\/?s={search_term_string}\"},\"query-input\":\"required name=search_term_string\"}],\"inLanguage\":\"es\"},{\"@type\":\"WebPage\",\"@id\":\"https:\/\/birkislogo.com.ua\/es\/production\/plomba\/\",\"url\":\"https:\/\/birkislogo.com.ua\/es\/production\/plomba\/\",\"name\":\"Sellos de Pl\u00e1stico Personalizados | Env\u00edo R\u00e1pido y Calidad Garantizada\",\"isPartOf\":{\"@id\":\"https:\/\/birkislogo.com.ua\/es\/#website\"},\"datePublished\":\"2021-10-12T13:07:32+00:00\",\"dateModified\":\"2023-08-26T13:23:02+00:00\",\"description\":\"Descubre sellos de pl\u00e1stico personalizados de alta calidad para etiquetar ropa. Env\u00edo r\u00e1pido y opciones de personalizaci\u00f3n disponibles. Marca tus prendas con estilo y durabilidad.\",\"breadcrumb\":{\"@id\":\"https:\/\/birkislogo.com.ua\/es\/production\/plomba\/#breadcrumb\"},\"inLanguage\":\"es\",\"potentialAction\":[{\"@type\":\"ReadAction\",\"target\":[[\"https:\/\/birkislogo.com.ua\/es\/production\/plomba\/\"]]}]},{\"@type\":\"BreadcrumbList\",\"@id\":\"https:\/\/birkislogo.com.ua\/es\/production\/plomba\/#breadcrumb\",\"itemListElement\":[{\"@type\":\"ListItem\",\"position\":1,\"name\":\"\u0413\u043b\u0430\u0432\u043d\u0430\u044f \u0441\u0442\u0440\u0430\u043d\u0438\u0446\u0430\",\"item\":\"https:\/\/birkislogo.com.ua\/es\/\"},{\"@type\":\"ListItem\",\"position\":2,\"name\":\"\u041f\u0440\u043e\u0434\u0443\u043a\u0446\u0438\u044f\",\"item\":\"https:\/\/birkislogo.com.ua\/es\/production\/\"},{\"@type\":\"ListItem\",\"position\":3,\"name\":\"\u041a\u0440\u0435\u043f\u0435\u0436 \u043f\u043b\u043e\u043c\u0431\u0430 (\u044f\u0440\u043b\u044b\u043a\u043e\u0434\u0435\u0440\u0436\u0430\u0442\u0435\u043b\u044c) \u0441 \u043b\u043e\u0433\u043e\"}]}]}<\/script>\n<!-- \/ Yoast SEO plugin. -->","yoast_head_json":{"title":"Sellos de Pl\u00e1stico Personalizados | Env\u00edo R\u00e1pido y Calidad Garantizada","description":"Descubre sellos de pl\u00e1stico personalizados de alta calidad para etiquetar ropa. Env\u00edo r\u00e1pido y opciones de personalizaci\u00f3n disponibles. Marca tus prendas con estilo y durabilidad.","robots":{"index":"index","follow":"follow","max-snippet":"max-snippet:-1","max-image-preview":"max-image-preview:large","max-video-preview":"max-video-preview:-1"},"canonical":"https:\/\/birkislogo.com.ua\/es\/production\/plomba\/","og_locale":"es_ES","og_type":"article","og_title":"Sellos de Pl\u00e1stico Personalizados | Env\u00edo R\u00e1pido y Calidad Garantizada","og_description":"Descubre sellos de pl\u00e1stico personalizados de alta calidad para etiquetar ropa. Env\u00edo r\u00e1pido y opciones de personalizaci\u00f3n disponibles. Marca tus prendas con estilo y durabilidad.","og_url":"https:\/\/birkislogo.com.ua\/es\/production\/plomba\/","og_site_name":"BirkisLogo","article_modified_time":"2023-08-26T13:23:02+00:00","twitter_card":"summary_large_image","schema":{"@context":"https:\/\/schema.org","@graph":[{"@type":"WebSite","@id":"https:\/\/birkislogo.com.ua\/es\/#website","url":"https:\/\/birkislogo.com.ua\/es\/","name":"BirkisLogo","description":"etiquetas  que  venden  su  ropa","potentialAction":[{"@type":"SearchAction","target":{"@type":"EntryPoint","urlTemplate":"https:\/\/birkislogo.com.ua\/es\/?s={search_term_string}"},"query-input":"required name=search_term_string"}],"inLanguage":"es"},{"@type":"WebPage","@id":"https:\/\/birkislogo.com.ua\/es\/production\/plomba\/","url":"https:\/\/birkislogo.com.ua\/es\/production\/plomba\/","name":"Sellos de Pl\u00e1stico Personalizados | Env\u00edo R\u00e1pido y Calidad Garantizada","isPartOf":{"@id":"https:\/\/birkislogo.com.ua\/es\/#website"},"datePublished":"2021-10-12T13:07:32+00:00","dateModified":"2023-08-26T13:23:02+00:00","description":"Descubre sellos de pl\u00e1stico personalizados de alta calidad para etiquetar ropa. Env\u00edo r\u00e1pido y opciones de personalizaci\u00f3n disponibles. Marca tus prendas con estilo y durabilidad.","breadcrumb":{"@id":"https:\/\/birkislogo.com.ua\/es\/production\/plomba\/#breadcrumb"},"inLanguage":"es","potentialAction":[{"@type":"ReadAction","target":[["https:\/\/birkislogo.com.ua\/es\/production\/plomba\/"]]}]},{"@type":"BreadcrumbList","@id":"https:\/\/birkislogo.com.ua\/es\/production\/plomba\/#breadcrumb","itemListElement":[{"@type":"ListItem","position":1,"name":"\u0413\u043b\u0430\u0432\u043d\u0430\u044f \u0441\u0442\u0440\u0430\u043d\u0438\u0446\u0430","item":"https:\/\/birkislogo.com.ua\/es\/"},{"@type":"ListItem","position":2,"name":"\u041f\u0440\u043e\u0434\u0443\u043a\u0446\u0438\u044f","item":"https:\/\/birkislogo.com.ua\/es\/production\/"},{"@type":"ListItem","position":3,"name":"\u041a\u0440\u0435\u043f\u0435\u0436 \u043f\u043b\u043e\u043c\u0431\u0430 (\u044f\u0440\u043b\u044b\u043a\u043e\u0434\u0435\u0440\u0436\u0430\u0442\u0435\u043b\u044c) \u0441 \u043b\u043e\u0433\u043e"}]}]}},"_links":{"self":[{"href":"https:\/\/birkislogo.com.ua\/es\/wp-json\/wp\/v2\/pages\/471","targetHints":{"allow":["GET"]}}],"collection":[{"href":"https:\/\/birkislogo.com.ua\/es\/wp-json\/wp\/v2\/pages"}],"about":[{"href":"https:\/\/birkislogo.com.ua\/es\/wp-json\/wp\/v2\/types\/page"}],"author":[{"embeddable":true,"href":"https:\/\/birkislogo.com.ua\/es\/wp-json\/wp\/v2\/users\/1"}],"replies":[{"embeddable":true,"href":"https:\/\/birkislogo.com.ua\/es\/wp-json\/wp\/v2\/comments?post=471"}],"version-history":[{"count":23,"href":"https:\/\/birkislogo.com.ua\/es\/wp-json\/wp\/v2\/pages\/471\/revisions"}],"predecessor-version":[{"id":1263,"href":"https:\/\/birkislogo.com.ua\/es\/wp-json\/wp\/v2\/pages\/471\/revisions\/1263"}],"up":[{"embeddable":true,"href":"https:\/\/birkislogo.com.ua\/es\/wp-json\/wp\/v2\/pages\/19"}],"wp:attachment":[{"href":"https:\/\/birkislogo.com.ua\/es\/wp-json\/wp\/v2\/media?parent=471"}],"curies":[{"name":"wp","href":"https:\/\/api.w.org\/{rel}","templated":true}]}}