{"id":338,"date":"2021-09-23T18:00:30","date_gmt":"2021-09-23T15:00:30","guid":{"rendered":"http:\/\/birkislogo.web14.com.ua\/?page_id=338"},"modified":"2023-08-26T16:26:04","modified_gmt":"2023-08-26T13:26:04","slug":"birkikarton","status":"publish","type":"page","link":"https:\/\/birkislogo.com.ua\/es\/production\/birkikarton\/","title":{"rendered":"Etiquetas de cart\u00f3n"},"content":{"rendered":"","protected":false},"excerpt":{"rendered":"","protected":false},"author":1,"featured_media":0,"parent":19,"menu_order":7,"comment_status":"closed","ping_status":"closed","template":"tpl_product.php","meta":{"footnotes":""},"class_list":["post-338","page","type-page","status-publish","hentry"],"yoast_head":"<!-- This site is optimized with the Yoast SEO plugin v19.4 - https:\/\/yoast.com\/wordpress\/plugins\/seo\/ -->\n<title>Etiquetas Colgantes Personalizadas: Cart\u00f3n y Papel | Compra Ahora<\/title>\n<meta name=\"description\" content=\"Marca tu ropa con etiquetas colgantes personalizadas en cart\u00f3n y papel. Dise\u00f1os \u00fanicos y opciones al por mayor disponibles. \u00a1Compra hoy!\" \/>\n<meta name=\"robots\" content=\"index, follow, max-snippet:-1, max-image-preview:large, max-video-preview:-1\" \/>\n<link rel=\"canonical\" href=\"https:\/\/birkislogo.com.ua\/es\/production\/birkikarton\/\" \/>\n<meta property=\"og:locale\" content=\"es_ES\" \/>\n<meta property=\"og:type\" content=\"article\" \/>\n<meta property=\"og:title\" content=\"Etiquetas Colgantes Personalizadas: Cart\u00f3n y Papel | Compra Ahora\" \/>\n<meta property=\"og:description\" content=\"Marca tu ropa con etiquetas colgantes personalizadas en cart\u00f3n y papel. Dise\u00f1os \u00fanicos y opciones al por mayor disponibles. \u00a1Compra hoy!\" \/>\n<meta property=\"og:url\" content=\"https:\/\/birkislogo.com.ua\/es\/production\/birkikarton\/\" \/>\n<meta property=\"og:site_name\" content=\"BirkisLogo\" \/>\n<meta property=\"article:modified_time\" content=\"2023-08-26T13:26:04+00:00\" \/>\n<meta name=\"twitter:card\" content=\"summary_large_image\" \/>\n<script type=\"application\/ld+json\" class=\"yoast-schema-graph\">{\"@context\":\"https:\/\/schema.org\",\"@graph\":[{\"@type\":\"WebSite\",\"@id\":\"https:\/\/birkislogo.com.ua\/es\/#website\",\"url\":\"https:\/\/birkislogo.com.ua\/es\/\",\"name\":\"BirkisLogo\",\"description\":\"etiquetas  que  venden  su  ropa\",\"potentialAction\":[{\"@type\":\"SearchAction\",\"target\":{\"@type\":\"EntryPoint\",\"urlTemplate\":\"https:\/\/birkislogo.com.ua\/es\/?s={search_term_string}\"},\"query-input\":\"required name=search_term_string\"}],\"inLanguage\":\"es\"},{\"@type\":\"WebPage\",\"@id\":\"https:\/\/birkislogo.com.ua\/es\/production\/birkikarton\/\",\"url\":\"https:\/\/birkislogo.com.ua\/es\/production\/birkikarton\/\",\"name\":\"Etiquetas Colgantes Personalizadas: Cart\u00f3n y Papel | Compra Ahora\",\"isPartOf\":{\"@id\":\"https:\/\/birkislogo.com.ua\/es\/#website\"},\"datePublished\":\"2021-09-23T15:00:30+00:00\",\"dateModified\":\"2023-08-26T13:26:04+00:00\",\"description\":\"Marca tu ropa con etiquetas colgantes personalizadas en cart\u00f3n y papel. Dise\u00f1os \u00fanicos y opciones al por mayor disponibles. \u00a1Compra hoy!\",\"breadcrumb\":{\"@id\":\"https:\/\/birkislogo.com.ua\/es\/production\/birkikarton\/#breadcrumb\"},\"inLanguage\":\"es\",\"potentialAction\":[{\"@type\":\"ReadAction\",\"target\":[[\"https:\/\/birkislogo.com.ua\/es\/production\/birkikarton\/\"]]}]},{\"@type\":\"BreadcrumbList\",\"@id\":\"https:\/\/birkislogo.com.ua\/es\/production\/birkikarton\/#breadcrumb\",\"itemListElement\":[{\"@type\":\"ListItem\",\"position\":1,\"name\":\"\u0413\u043b\u0430\u0432\u043d\u0430\u044f \u0441\u0442\u0440\u0430\u043d\u0438\u0446\u0430\",\"item\":\"https:\/\/birkislogo.com.ua\/es\/\"},{\"@type\":\"ListItem\",\"position\":2,\"name\":\"\u041f\u0440\u043e\u0434\u0443\u043a\u0446\u0438\u044f\",\"item\":\"https:\/\/birkislogo.com.ua\/es\/production\/\"},{\"@type\":\"ListItem\",\"position\":3,\"name\":\"\u0411\u0438\u0440\u043a\u0438 \u043a\u0430\u0440\u0442\u043e\u043d\u043d\u044b\u0435\"}]}]}<\/script>\n<!-- \/ Yoast SEO plugin. -->","yoast_head_json":{"title":"Etiquetas Colgantes Personalizadas: Cart\u00f3n y Papel | Compra Ahora","description":"Marca tu ropa con etiquetas colgantes personalizadas en cart\u00f3n y papel. Dise\u00f1os \u00fanicos y opciones al por mayor disponibles. \u00a1Compra hoy!","robots":{"index":"index","follow":"follow","max-snippet":"max-snippet:-1","max-image-preview":"max-image-preview:large","max-video-preview":"max-video-preview:-1"},"canonical":"https:\/\/birkislogo.com.ua\/es\/production\/birkikarton\/","og_locale":"es_ES","og_type":"article","og_title":"Etiquetas Colgantes Personalizadas: Cart\u00f3n y Papel | Compra Ahora","og_description":"Marca tu ropa con etiquetas colgantes personalizadas en cart\u00f3n y papel. Dise\u00f1os \u00fanicos y opciones al por mayor disponibles. \u00a1Compra hoy!","og_url":"https:\/\/birkislogo.com.ua\/es\/production\/birkikarton\/","og_site_name":"BirkisLogo","article_modified_time":"2023-08-26T13:26:04+00:00","twitter_card":"summary_large_image","schema":{"@context":"https:\/\/schema.org","@graph":[{"@type":"WebSite","@id":"https:\/\/birkislogo.com.ua\/es\/#website","url":"https:\/\/birkislogo.com.ua\/es\/","name":"BirkisLogo","description":"etiquetas  que  venden  su  ropa","potentialAction":[{"@type":"SearchAction","target":{"@type":"EntryPoint","urlTemplate":"https:\/\/birkislogo.com.ua\/es\/?s={search_term_string}"},"query-input":"required name=search_term_string"}],"inLanguage":"es"},{"@type":"WebPage","@id":"https:\/\/birkislogo.com.ua\/es\/production\/birkikarton\/","url":"https:\/\/birkislogo.com.ua\/es\/production\/birkikarton\/","name":"Etiquetas Colgantes Personalizadas: Cart\u00f3n y Papel | Compra Ahora","isPartOf":{"@id":"https:\/\/birkislogo.com.ua\/es\/#website"},"datePublished":"2021-09-23T15:00:30+00:00","dateModified":"2023-08-26T13:26:04+00:00","description":"Marca tu ropa con etiquetas colgantes personalizadas en cart\u00f3n y papel. Dise\u00f1os \u00fanicos y opciones al por mayor disponibles. \u00a1Compra hoy!","breadcrumb":{"@id":"https:\/\/birkislogo.com.ua\/es\/production\/birkikarton\/#breadcrumb"},"inLanguage":"es","potentialAction":[{"@type":"ReadAction","target":[["https:\/\/birkislogo.com.ua\/es\/production\/birkikarton\/"]]}]},{"@type":"BreadcrumbList","@id":"https:\/\/birkislogo.com.ua\/es\/production\/birkikarton\/#breadcrumb","itemListElement":[{"@type":"ListItem","position":1,"name":"\u0413\u043b\u0430\u0432\u043d\u0430\u044f \u0441\u0442\u0440\u0430\u043d\u0438\u0446\u0430","item":"https:\/\/birkislogo.com.ua\/es\/"},{"@type":"ListItem","position":2,"name":"\u041f\u0440\u043e\u0434\u0443\u043a\u0446\u0438\u044f","item":"https:\/\/birkislogo.com.ua\/es\/production\/"},{"@type":"ListItem","position":3,"name":"\u0411\u0438\u0440\u043a\u0438 \u043a\u0430\u0440\u0442\u043e\u043d\u043d\u044b\u0435"}]}]}},"_links":{"self":[{"href":"https:\/\/birkislogo.com.ua\/es\/wp-json\/wp\/v2\/pages\/338","targetHints":{"allow":["GET"]}}],"collection":[{"href":"https:\/\/birkislogo.com.ua\/es\/wp-json\/wp\/v2\/pages"}],"about":[{"href":"https:\/\/birkislogo.com.ua\/es\/wp-json\/wp\/v2\/types\/page"}],"author":[{"embeddable":true,"href":"https:\/\/birkislogo.com.ua\/es\/wp-json\/wp\/v2\/users\/1"}],"replies":[{"embeddable":true,"href":"https:\/\/birkislogo.com.ua\/es\/wp-json\/wp\/v2\/comments?post=338"}],"version-history":[{"count":51,"href":"https:\/\/birkislogo.com.ua\/es\/wp-json\/wp\/v2\/pages\/338\/revisions"}],"predecessor-version":[{"id":1265,"href":"https:\/\/birkislogo.com.ua\/es\/wp-json\/wp\/v2\/pages\/338\/revisions\/1265"}],"up":[{"embeddable":true,"href":"https:\/\/birkislogo.com.ua\/es\/wp-json\/wp\/v2\/pages\/19"}],"wp:attachment":[{"href":"https:\/\/birkislogo.com.ua\/es\/wp-json\/wp\/v2\/media?parent=338"}],"curies":[{"name":"wp","href":"https:\/\/api.w.org\/{rel}","templated":true}]}}