{"id":231,"date":"2021-09-19T21:38:43","date_gmt":"2021-09-19T18:38:43","guid":{"rendered":"http:\/\/birkislogo.web14.com.ua\/?page_id=231"},"modified":"2023-08-26T16:29:54","modified_gmt":"2023-08-26T13:29:54","slug":"rezinka","status":"publish","type":"page","link":"https:\/\/birkislogo.com.ua\/es\/production\/rezinka\/","title":{"rendered":"Cinta el\u00e1stica tejida con logo"},"content":{"rendered":"","protected":false},"excerpt":{"rendered":"","protected":false},"author":1,"featured_media":0,"parent":19,"menu_order":2,"comment_status":"closed","ping_status":"closed","template":"tpl_product.php","meta":{"footnotes":""},"class_list":["post-231","page","type-page","status-publish","hentry"],"yoast_head":"<!-- This site is optimized with the Yoast SEO plugin v19.4 - https:\/\/yoast.com\/wordpress\/plugins\/seo\/ -->\n<title>Cintas El\u00e1sticas Personalizadas | Env\u00edo R\u00e1pido<\/title>\n<meta name=\"description\" content=\"Personaliza tu ropa con cintas el\u00e1sticas. Amplia selecci\u00f3n de opciones estampadas y con logo. Env\u00edo r\u00e1pido disponible.\" \/>\n<meta name=\"robots\" content=\"index, follow, max-snippet:-1, max-image-preview:large, max-video-preview:-1\" \/>\n<link rel=\"canonical\" href=\"https:\/\/birkislogo.com.ua\/es\/production\/rezinka\/\" \/>\n<meta property=\"og:locale\" content=\"es_ES\" \/>\n<meta property=\"og:type\" content=\"article\" \/>\n<meta property=\"og:title\" content=\"Cintas El\u00e1sticas Personalizadas | Env\u00edo R\u00e1pido\" \/>\n<meta property=\"og:description\" content=\"Personaliza tu ropa con cintas el\u00e1sticas. Amplia selecci\u00f3n de opciones estampadas y con logo. Env\u00edo r\u00e1pido disponible.\" \/>\n<meta property=\"og:url\" content=\"https:\/\/birkislogo.com.ua\/es\/production\/rezinka\/\" \/>\n<meta property=\"og:site_name\" content=\"BirkisLogo\" \/>\n<meta property=\"article:modified_time\" content=\"2023-08-26T13:29:54+00:00\" \/>\n<meta name=\"twitter:card\" content=\"summary_large_image\" \/>\n<script type=\"application\/ld+json\" class=\"yoast-schema-graph\">{\"@context\":\"https:\/\/schema.org\",\"@graph\":[{\"@type\":\"WebSite\",\"@id\":\"https:\/\/birkislogo.com.ua\/es\/#website\",\"url\":\"https:\/\/birkislogo.com.ua\/es\/\",\"name\":\"BirkisLogo\",\"description\":\"etiquetas  que  venden  su  ropa\",\"potentialAction\":[{\"@type\":\"SearchAction\",\"target\":{\"@type\":\"EntryPoint\",\"urlTemplate\":\"https:\/\/birkislogo.com.ua\/es\/?s={search_term_string}\"},\"query-input\":\"required name=search_term_string\"}],\"inLanguage\":\"es\"},{\"@type\":\"WebPage\",\"@id\":\"https:\/\/birkislogo.com.ua\/es\/production\/rezinka\/\",\"url\":\"https:\/\/birkislogo.com.ua\/es\/production\/rezinka\/\",\"name\":\"Cintas El\u00e1sticas Personalizadas | Env\u00edo R\u00e1pido\",\"isPartOf\":{\"@id\":\"https:\/\/birkislogo.com.ua\/es\/#website\"},\"datePublished\":\"2021-09-19T18:38:43+00:00\",\"dateModified\":\"2023-08-26T13:29:54+00:00\",\"description\":\"Personaliza tu ropa con cintas el\u00e1sticas. Amplia selecci\u00f3n de opciones estampadas y con logo. Env\u00edo r\u00e1pido disponible.\",\"breadcrumb\":{\"@id\":\"https:\/\/birkislogo.com.ua\/es\/production\/rezinka\/#breadcrumb\"},\"inLanguage\":\"es\",\"potentialAction\":[{\"@type\":\"ReadAction\",\"target\":[[\"https:\/\/birkislogo.com.ua\/es\/production\/rezinka\/\"]]}]},{\"@type\":\"BreadcrumbList\",\"@id\":\"https:\/\/birkislogo.com.ua\/es\/production\/rezinka\/#breadcrumb\",\"itemListElement\":[{\"@type\":\"ListItem\",\"position\":1,\"name\":\"\u0413\u043b\u0430\u0432\u043d\u0430\u044f \u0441\u0442\u0440\u0430\u043d\u0438\u0446\u0430\",\"item\":\"https:\/\/birkislogo.com.ua\/es\/\"},{\"@type\":\"ListItem\",\"position\":2,\"name\":\"\u041f\u0440\u043e\u0434\u0443\u043a\u0446\u0438\u044f\",\"item\":\"https:\/\/birkislogo.com.ua\/es\/production\/\"},{\"@type\":\"ListItem\",\"position\":3,\"name\":\"\u0420\u0435\u0437\u0438\u043d\u043a\u0430 \u0441 \u043b\u043e\u0433\u043e\u0442\u0438\u043f\u043e\u043c\"}]}]}<\/script>\n<!-- \/ Yoast SEO plugin. -->","yoast_head_json":{"title":"Cintas El\u00e1sticas Personalizadas | Env\u00edo R\u00e1pido","description":"Personaliza tu ropa con cintas el\u00e1sticas. Amplia selecci\u00f3n de opciones estampadas y con logo. Env\u00edo r\u00e1pido disponible.","robots":{"index":"index","follow":"follow","max-snippet":"max-snippet:-1","max-image-preview":"max-image-preview:large","max-video-preview":"max-video-preview:-1"},"canonical":"https:\/\/birkislogo.com.ua\/es\/production\/rezinka\/","og_locale":"es_ES","og_type":"article","og_title":"Cintas El\u00e1sticas Personalizadas | Env\u00edo R\u00e1pido","og_description":"Personaliza tu ropa con cintas el\u00e1sticas. Amplia selecci\u00f3n de opciones estampadas y con logo. Env\u00edo r\u00e1pido disponible.","og_url":"https:\/\/birkislogo.com.ua\/es\/production\/rezinka\/","og_site_name":"BirkisLogo","article_modified_time":"2023-08-26T13:29:54+00:00","twitter_card":"summary_large_image","schema":{"@context":"https:\/\/schema.org","@graph":[{"@type":"WebSite","@id":"https:\/\/birkislogo.com.ua\/es\/#website","url":"https:\/\/birkislogo.com.ua\/es\/","name":"BirkisLogo","description":"etiquetas  que  venden  su  ropa","potentialAction":[{"@type":"SearchAction","target":{"@type":"EntryPoint","urlTemplate":"https:\/\/birkislogo.com.ua\/es\/?s={search_term_string}"},"query-input":"required name=search_term_string"}],"inLanguage":"es"},{"@type":"WebPage","@id":"https:\/\/birkislogo.com.ua\/es\/production\/rezinka\/","url":"https:\/\/birkislogo.com.ua\/es\/production\/rezinka\/","name":"Cintas El\u00e1sticas Personalizadas | Env\u00edo R\u00e1pido","isPartOf":{"@id":"https:\/\/birkislogo.com.ua\/es\/#website"},"datePublished":"2021-09-19T18:38:43+00:00","dateModified":"2023-08-26T13:29:54+00:00","description":"Personaliza tu ropa con cintas el\u00e1sticas. Amplia selecci\u00f3n de opciones estampadas y con logo. Env\u00edo r\u00e1pido disponible.","breadcrumb":{"@id":"https:\/\/birkislogo.com.ua\/es\/production\/rezinka\/#breadcrumb"},"inLanguage":"es","potentialAction":[{"@type":"ReadAction","target":[["https:\/\/birkislogo.com.ua\/es\/production\/rezinka\/"]]}]},{"@type":"BreadcrumbList","@id":"https:\/\/birkislogo.com.ua\/es\/production\/rezinka\/#breadcrumb","itemListElement":[{"@type":"ListItem","position":1,"name":"\u0413\u043b\u0430\u0432\u043d\u0430\u044f \u0441\u0442\u0440\u0430\u043d\u0438\u0446\u0430","item":"https:\/\/birkislogo.com.ua\/es\/"},{"@type":"ListItem","position":2,"name":"\u041f\u0440\u043e\u0434\u0443\u043a\u0446\u0438\u044f","item":"https:\/\/birkislogo.com.ua\/es\/production\/"},{"@type":"ListItem","position":3,"name":"\u0420\u0435\u0437\u0438\u043d\u043a\u0430 \u0441 \u043b\u043e\u0433\u043e\u0442\u0438\u043f\u043e\u043c"}]}]}},"_links":{"self":[{"href":"https:\/\/birkislogo.com.ua\/es\/wp-json\/wp\/v2\/pages\/231","targetHints":{"allow":["GET"]}}],"collection":[{"href":"https:\/\/birkislogo.com.ua\/es\/wp-json\/wp\/v2\/pages"}],"about":[{"href":"https:\/\/birkislogo.com.ua\/es\/wp-json\/wp\/v2\/types\/page"}],"author":[{"embeddable":true,"href":"https:\/\/birkislogo.com.ua\/es\/wp-json\/wp\/v2\/users\/1"}],"replies":[{"embeddable":true,"href":"https:\/\/birkislogo.com.ua\/es\/wp-json\/wp\/v2\/comments?post=231"}],"version-history":[{"count":86,"href":"https:\/\/birkislogo.com.ua\/es\/wp-json\/wp\/v2\/pages\/231\/revisions"}],"predecessor-version":[{"id":1269,"href":"https:\/\/birkislogo.com.ua\/es\/wp-json\/wp\/v2\/pages\/231\/revisions\/1269"}],"up":[{"embeddable":true,"href":"https:\/\/birkislogo.com.ua\/es\/wp-json\/wp\/v2\/pages\/19"}],"wp:attachment":[{"href":"https:\/\/birkislogo.com.ua\/es\/wp-json\/wp\/v2\/media?parent=231"}],"curies":[{"name":"wp","href":"https:\/\/api.w.org\/{rel}","templated":true}]}}