{"id":17,"date":"2021-08-09T12:39:43","date_gmt":"2021-08-09T09:39:43","guid":{"rendered":"http:\/\/birkislogo.com.ua\/?page_id=17"},"modified":"2023-08-29T11:15:02","modified_gmt":"2023-08-29T08:15:02","slug":"about","status":"publish","type":"page","link":"https:\/\/birkislogo.com.ua\/es\/about\/","title":{"rendered":"Condiciones de colaboraci\u00f3n"},"content":{"rendered":"<p>Nuestra empresa fue fundada en 2003. Producimos todo tipo de etiquetas e cintas para la marca de ropa. Nuestras etiquetas realzan su ropa. Hemos desarrollado un programa \u00fanico de c\u00e1lculo autom\u00e1tico de etiquetas para la ropa:<\/p>\r\n<ol>\r\n<li>Dir\u00edgete a la secci\u00f3n de calculadora.<\/li>\r\n<li>Elige el material necesario para fabricar las etiquetas para la ropa, cintas con logotipo.<\/li>\r\n<li>Selecciona el subtipo de material.<\/li>\r\n<li>Elige el tama\u00f1o, los m\u00e1rgenes e la opci\u00f3n de corte.<\/li>\r\n<li>Selecciona la cantidad de la orden.<\/li>\r\n<li>Escoge el color de fondo y el color del logotipo, as\u00ed como cualquier par\u00e1metro adicional si se ofrece.<\/li>\r\n<li>Obt\u00e9n el c\u00e1lculo de tu pedido.<\/li>\r\n<\/ol>\r\n<p>Si tienes preguntas, ponte en contacto con nuestro gerente por tel\u00e9fono o a trav\u00e9s de mensajer\u00eda al +380679564706. Tambi\u00e9n puedes enviar un correo con tu dise\u00f1o e medidas en formato vectorial a birkislogo@gmail.com. Nos pondremos en contacto contigo a la brevedad para brindarte asesoramiento.<\/p>\r\n<p>Sum\u00e9rgete en nuestras categor\u00edas de productos exclusivos. Secciones recomendadas: <a href=\"https:\/\/birkislogo.com.ua\/es\/production\/textile\/\">etiquetas tejidas para ropa al por mayor<\/a>, <a href=\"https:\/\/birkislogo.com.ua\/es\/\">imprimir etiquetas para ropa<\/a>.<\/p>\r\n<p>Nuestro proceso de trabajo es el siguiente:<\/p>\r\n<ol>\r\n<li>C\u00e1lculo del pedido basado en las dimensiones e la cantidad.<\/li>\r\n<li>Aprobaci\u00f3n del dise\u00f1o del cliente en formato vectorial o proporcionar un dise\u00f1o elaborado por nuestro dise\u00f1ador profesional por un cargo adicional (10-15 $ por el dise\u00f1o).<\/li>\r\n<li>Elecci\u00f3n de colores de un cat\u00e1logo proporcionado.<\/li>\r\n<li>Acuerdo sobre el plazo de ejecuci\u00f3n del pedido (generalmente de 10 a 14 d\u00edas) seg\u00fan el tipo de material seleccionado.<\/li>\r\n<li>Pago inicial del 50% del costo del pedido a trav\u00e9s de transferencia bancaria.<\/li>\r\n<li>Despu\u00e9s de que el pedido est\u00e9 listo, se realiza el pago del costo restante del pedido.<\/li>\r\n<\/ol>","protected":false},"excerpt":{"rendered":"<p>Nuestra empresa fue fundada en 2003. Producimos todo tipo de etiquetas e cintas para la marca de ropa. Nuestras etiquetas realzan su ropa. Hemos desarrollado un programa \u00fanico de c\u00e1lculo autom\u00e1tico de etiquetas para la ropa: Dir\u00edgete a la secci\u00f3n de calculadora. Elige el material necesario para fabricar las etiquetas para la ropa, cintas con [&hellip;]<\/p>\n","protected":false},"author":1,"featured_media":0,"parent":0,"menu_order":0,"comment_status":"closed","ping_status":"closed","template":"","meta":{"footnotes":""},"class_list":["post-17","page","type-page","status-publish","hentry"],"yoast_head":"<!-- This site is optimized with the Yoast SEO plugin v19.4 - https:\/\/yoast.com\/wordpress\/plugins\/seo\/ -->\n<title>Condiciones de colaboraci\u00f3n - BirkisLogo<\/title>\n<meta name=\"robots\" content=\"index, follow, max-snippet:-1, max-image-preview:large, max-video-preview:-1\" \/>\n<link rel=\"canonical\" href=\"https:\/\/birkislogo.com.ua\/es\/about\/\" \/>\n<meta property=\"og:locale\" content=\"es_ES\" \/>\n<meta property=\"og:type\" content=\"article\" \/>\n<meta property=\"og:title\" content=\"Condiciones de colaboraci\u00f3n - BirkisLogo\" \/>\n<meta property=\"og:description\" content=\"Nuestra empresa fue fundada en 2003. Producimos todo tipo de etiquetas e cintas para la marca de ropa. Nuestras etiquetas realzan su ropa. Hemos desarrollado un programa \u00fanico de c\u00e1lculo autom\u00e1tico de etiquetas para la ropa: Dir\u00edgete a la secci\u00f3n de calculadora. Elige el material necesario para fabricar las etiquetas para la ropa, cintas con [&hellip;]\" \/>\n<meta property=\"og:url\" content=\"https:\/\/birkislogo.com.ua\/es\/about\/\" \/>\n<meta property=\"og:site_name\" content=\"BirkisLogo\" \/>\n<meta property=\"article:modified_time\" content=\"2023-08-29T08:15:02+00:00\" \/>\n<meta name=\"twitter:card\" content=\"summary_large_image\" \/>\n<meta name=\"twitter:label1\" content=\"Tiempo de lectura\" \/>\n\t<meta name=\"twitter:data1\" content=\"1 minuto\" \/>\n<script type=\"application\/ld+json\" class=\"yoast-schema-graph\">{\"@context\":\"https:\/\/schema.org\",\"@graph\":[{\"@type\":\"WebSite\",\"@id\":\"https:\/\/birkislogo.com.ua\/es\/#website\",\"url\":\"https:\/\/birkislogo.com.ua\/es\/\",\"name\":\"BirkisLogo\",\"description\":\"etiquetas  que  venden  su  ropa\",\"potentialAction\":[{\"@type\":\"SearchAction\",\"target\":{\"@type\":\"EntryPoint\",\"urlTemplate\":\"https:\/\/birkislogo.com.ua\/es\/?s={search_term_string}\"},\"query-input\":\"required name=search_term_string\"}],\"inLanguage\":\"es\"},{\"@type\":\"WebPage\",\"@id\":\"https:\/\/birkislogo.com.ua\/es\/about\/\",\"url\":\"https:\/\/birkislogo.com.ua\/es\/about\/\",\"name\":\"Condiciones de colaboraci\u00f3n - BirkisLogo\",\"isPartOf\":{\"@id\":\"https:\/\/birkislogo.com.ua\/es\/#website\"},\"datePublished\":\"2021-08-09T09:39:43+00:00\",\"dateModified\":\"2023-08-29T08:15:02+00:00\",\"breadcrumb\":{\"@id\":\"https:\/\/birkislogo.com.ua\/es\/about\/#breadcrumb\"},\"inLanguage\":\"es\",\"potentialAction\":[{\"@type\":\"ReadAction\",\"target\":[[\"https:\/\/birkislogo.com.ua\/es\/about\/\"]]}]},{\"@type\":\"BreadcrumbList\",\"@id\":\"https:\/\/birkislogo.com.ua\/es\/about\/#breadcrumb\",\"itemListElement\":[{\"@type\":\"ListItem\",\"position\":1,\"name\":\"\u0413\u043b\u0430\u0432\u043d\u0430\u044f \u0441\u0442\u0440\u0430\u043d\u0438\u0446\u0430\",\"item\":\"https:\/\/birkislogo.com.ua\/es\/\"},{\"@type\":\"ListItem\",\"position\":2,\"name\":\"\u0423\u0441\u043b\u043e\u0432\u0438\u044f \u0441\u043e\u0442\u0440\u0443\u0434\u043d\u0438\u0447\u0435\u0441\u0442\u0432\u0430\"}]}]}<\/script>\n<!-- \/ Yoast SEO plugin. -->","yoast_head_json":{"title":"Condiciones de colaboraci\u00f3n - BirkisLogo","robots":{"index":"index","follow":"follow","max-snippet":"max-snippet:-1","max-image-preview":"max-image-preview:large","max-video-preview":"max-video-preview:-1"},"canonical":"https:\/\/birkislogo.com.ua\/es\/about\/","og_locale":"es_ES","og_type":"article","og_title":"Condiciones de colaboraci\u00f3n - BirkisLogo","og_description":"Nuestra empresa fue fundada en 2003. Producimos todo tipo de etiquetas e cintas para la marca de ropa. Nuestras etiquetas realzan su ropa. Hemos desarrollado un programa \u00fanico de c\u00e1lculo autom\u00e1tico de etiquetas para la ropa: Dir\u00edgete a la secci\u00f3n de calculadora. Elige el material necesario para fabricar las etiquetas para la ropa, cintas con [&hellip;]","og_url":"https:\/\/birkislogo.com.ua\/es\/about\/","og_site_name":"BirkisLogo","article_modified_time":"2023-08-29T08:15:02+00:00","twitter_card":"summary_large_image","twitter_misc":{"Tiempo de lectura":"1 minuto"},"schema":{"@context":"https:\/\/schema.org","@graph":[{"@type":"WebSite","@id":"https:\/\/birkislogo.com.ua\/es\/#website","url":"https:\/\/birkislogo.com.ua\/es\/","name":"BirkisLogo","description":"etiquetas  que  venden  su  ropa","potentialAction":[{"@type":"SearchAction","target":{"@type":"EntryPoint","urlTemplate":"https:\/\/birkislogo.com.ua\/es\/?s={search_term_string}"},"query-input":"required name=search_term_string"}],"inLanguage":"es"},{"@type":"WebPage","@id":"https:\/\/birkislogo.com.ua\/es\/about\/","url":"https:\/\/birkislogo.com.ua\/es\/about\/","name":"Condiciones de colaboraci\u00f3n - BirkisLogo","isPartOf":{"@id":"https:\/\/birkislogo.com.ua\/es\/#website"},"datePublished":"2021-08-09T09:39:43+00:00","dateModified":"2023-08-29T08:15:02+00:00","breadcrumb":{"@id":"https:\/\/birkislogo.com.ua\/es\/about\/#breadcrumb"},"inLanguage":"es","potentialAction":[{"@type":"ReadAction","target":[["https:\/\/birkislogo.com.ua\/es\/about\/"]]}]},{"@type":"BreadcrumbList","@id":"https:\/\/birkislogo.com.ua\/es\/about\/#breadcrumb","itemListElement":[{"@type":"ListItem","position":1,"name":"\u0413\u043b\u0430\u0432\u043d\u0430\u044f \u0441\u0442\u0440\u0430\u043d\u0438\u0446\u0430","item":"https:\/\/birkislogo.com.ua\/es\/"},{"@type":"ListItem","position":2,"name":"\u0423\u0441\u043b\u043e\u0432\u0438\u044f \u0441\u043e\u0442\u0440\u0443\u0434\u043d\u0438\u0447\u0435\u0441\u0442\u0432\u0430"}]}]}},"_links":{"self":[{"href":"https:\/\/birkislogo.com.ua\/es\/wp-json\/wp\/v2\/pages\/17","targetHints":{"allow":["GET"]}}],"collection":[{"href":"https:\/\/birkislogo.com.ua\/es\/wp-json\/wp\/v2\/pages"}],"about":[{"href":"https:\/\/birkislogo.com.ua\/es\/wp-json\/wp\/v2\/types\/page"}],"author":[{"embeddable":true,"href":"https:\/\/birkislogo.com.ua\/es\/wp-json\/wp\/v2\/users\/1"}],"replies":[{"embeddable":true,"href":"https:\/\/birkislogo.com.ua\/es\/wp-json\/wp\/v2\/comments?post=17"}],"version-history":[{"count":25,"href":"https:\/\/birkislogo.com.ua\/es\/wp-json\/wp\/v2\/pages\/17\/revisions"}],"predecessor-version":[{"id":1275,"href":"https:\/\/birkislogo.com.ua\/es\/wp-json\/wp\/v2\/pages\/17\/revisions\/1275"}],"wp:attachment":[{"href":"https:\/\/birkislogo.com.ua\/es\/wp-json\/wp\/v2\/media?parent=17"}],"curies":[{"name":"wp","href":"https:\/\/api.w.org\/{rel}","templated":true}]}}